{"id":6734,"date":"2023-10-25T16:53:07","date_gmt":"2023-10-25T14:53:07","guid":{"rendered":"https:\/\/www.bararalar.eus\/pribatutasun-politika\/"},"modified":"2023-12-14T11:13:19","modified_gmt":"2023-12-14T10:13:19","slug":"pribatutasun-politika","status":"publish","type":"page","link":"https:\/\/www.bararalar.eus\/eu\/pribatutasun-politika\/","title":{"rendered":"Pribatutasun Politika"},"content":{"rendered":"\t\t<div data-elementor-type=\"wp-page\" data-elementor-id=\"6734\" class=\"elementor elementor-6734 elementor-6329\" data-elementor-post-type=\"page\">\n\t\t\t\t<div class=\"elementor-element elementor-element-f0f5b4d e-flex e-con-boxed e-con e-parent\" data-id=\"f0f5b4d\" data-element_type=\"container\" data-e-type=\"container\" data-settings=\"{&quot;grandrestaurant_ext_is_background_parallax&quot;:&quot;false&quot;,&quot;grandrestaurant_ext_is_background_backdrop&quot;:&quot;false&quot;,&quot;grandrestaurant_ext_is_background_on_scroll&quot;:&quot;false&quot;,&quot;grandrestaurant_ext_link_reservation&quot;:&quot;false&quot;,&quot;grandrestaurant_ext_link_sidemenu&quot;:&quot;false&quot;,&quot;grandrestaurant_ext_link_fullmenu&quot;:&quot;false&quot;,&quot;grandrestaurant_ext_link_closed_fullmenu&quot;:&quot;false&quot;,&quot;grandrestaurant_ext_is_scrollme&quot;:&quot;false&quot;,&quot;grandrestaurant_ext_is_smoove&quot;:&quot;false&quot;,&quot;grandrestaurant_ext_is_parallax_mouse&quot;:&quot;false&quot;,&quot;grandrestaurant_ext_is_infinite&quot;:&quot;false&quot;,&quot;grandrestaurant_ext_is_fadeout_animation&quot;:&quot;false&quot;,&quot;grandrestaurant_ext_mobile_static&quot;:&quot;false&quot;}\">\n\t\t\t\t\t<div class=\"e-con-inner\">\n\t\t\t\t<div class=\"elementor-element elementor-element-8bb6ad3 elementor-widget elementor-widget-text-editor\" data-id=\"8bb6ad3\" data-element_type=\"widget\" data-e-type=\"widget\" data-settings=\"{&quot;grandrestaurant_ext_link_reservation&quot;:&quot;false&quot;,&quot;grandrestaurant_ext_link_sidemenu&quot;:&quot;false&quot;,&quot;grandrestaurant_ext_link_fullmenu&quot;:&quot;false&quot;,&quot;grandrestaurant_ext_link_closed_fullmenu&quot;:&quot;false&quot;,&quot;grandrestaurant_ext_is_scrollme&quot;:&quot;false&quot;,&quot;grandrestaurant_ext_is_smoove&quot;:&quot;false&quot;,&quot;grandrestaurant_ext_is_parallax_mouse&quot;:&quot;false&quot;,&quot;grandrestaurant_ext_is_infinite&quot;:&quot;false&quot;,&quot;grandrestaurant_ext_is_fadeout_animation&quot;:&quot;false&quot;,&quot;grandrestaurant_ext_mobile_static&quot;:&quot;false&quot;}\" data-widget_type=\"text-editor.default\">\n\t\t\t\t<div class=\"elementor-widget-container\">\n\t\t\t\t\t\t\t\t\t<h1>Pribatutasun Politika<\/h1>\n<p>De acuerdo con lo establecido por el Reglamento (UE) 2016 \/679 del Parlamento Europeo y del Consejo, le informamos que los datos personales aportados ser\u00e1n tratados por <strong>ARALAR BERRI, S.L. <\/strong> con CIF: <span style=\"font-family: Lato; font-size: 16px; font-style: normal; font-weight: 400;\">B75213520<\/span>; y domicilio en <strong>CALLE PUERTO, 10 20003 Donostia<\/strong>; Tel\u00e9fono: <strong>943 426 378<\/strong>y correo electr\u00f3nico: <a href=\"mailto:info@bararalar.com\">info@bararalar.com<\/a><\/p>\n<h3>Finalidad<\/h3>\n<p>Los datos que nos ha proporcionado en este formulario, ser\u00e1n utilizados para contestar a la solicitud de la informaci\u00f3n planteada.<\/p>\n<p>Los datos se conservar\u00e1n durante el plazo exigido por la ley, salvo que usted comunique la negativa al uso de los datos personales, en cuyo caso, se proceder\u00e1 a su bloqueo inmediato.<\/p>\n<p>En caso de que contrate alguno de nuestros productos o servicios, utilizaremos sus datos personales para la gesti\u00f3n y la facturaci\u00f3n de los mismos.<\/p>\n<p>Siempre podr\u00e1 ejercer los derechos de acceso, rectificaci\u00f3n, portabilidad, limitaci\u00f3n al tratamiento y supresi\u00f3n de los datos objeto de tratamiento.<\/p>\n<h3>Legitimaci\u00f3n<\/h3>\n<p>La base legal para el tratamiento de sus datos personales es el consentimiento del interesado al cumplimentar y aceptar el formulario de recogida de datos de la p\u00e1gina web.<\/p>\n<h3>Destinatarios<\/h3>\n<p>Los datos no se ceder\u00e1n a terceros salvo en los casos en que exista una obligaci\u00f3n legal o sea necesario para el cumplimiento de la finalidad del tratamiento.<\/p>\n<h3>Derechos<\/h3>\n<p>Los derechos que le asisten como persona interesada y de acuerdo con el RGPD son los siguientes:<\/p>\n<ul>\n<li>Derecho a solicitar el acceso a los datos personales relativos a su persona<\/li>\n<li>Derecho a solicitar su rectificaci\u00f3n o supresi\u00f3n<\/li>\n<li>Derecho a solicitar la limitaci\u00f3n de su tratamiento<\/li>\n<li>Derecho a oponerse al tratamiento<\/li>\n<li>Derecho a la portabilidad de los datos<\/li>\n<\/ul>\n<p>Puede ejercer sus derechos de protecci\u00f3n de datos personales dirigiendo una comunicaci\u00f3n por escrito a <strong>CALLE PUERTO, 10 20003 Donostia<\/strong>, o a la direcci\u00f3n de correo electr\u00f3nico <a href=\"mailto:info@sidreriaintxaurrondo.com\">info@bararalar.com<\/a>, en la que manifieste el ejercicio de sus derechos anteriormente mencionados, adem\u00e1s de incluir copia de su D.N.I. u otro documento equivalente para certificar su identidad.<\/p>\n<h3>Medidas de seguridad<\/h3>\n<p><b>ARALAR BERRI, S.L.<br \/><\/b> garantiza que ha implementado todas las medidas de seguridad que son necesarias para garantizar la seguridad de los datos personales de acuerdo con el nivel de la tecnolog\u00eda del momento.<\/p>\n<h3>Actualizaci\u00f3n de la pol\u00edtica de privacidad<\/h3>\n<p><b>ARALAR BERRI, S.L.<br \/><\/b> se reserva el derecho de modificar su pol\u00edtica de privacidad o condiciones de uso por motivos de adaptaci\u00f3n a la legislaci\u00f3n vigente. Se recomienda al usuario de este sitio web la revisi\u00f3n peri\u00f3dica de esta p\u00e1gina, ya que el uso de este sitio web por parte del usuario se entender\u00e1 como aceptaci\u00f3n de la pol\u00edtica de privacidad. Aseguramos la absoluta confidencialidad y privacidad de los datos personales recogidos. Se han adoptado las medidas de seguridad con el fin de evitar la alteraci\u00f3n, p\u00e9rdida, tratamiento o acceso no autorizado. Sin embargo, <b>ARALAR BERRI, S.L.<br \/><\/b> no ser\u00e1 responsable de las incidencias que puedan surgir en torno a datos personales cuando estas se deriven, o bien de un ataque o acceso no autorizado a los sistemas de tal forma que resulte imposible detectarlo o impedirlo aun adopt\u00e1ndose las medidas seg\u00fan el estado de la tecnolog\u00eda actual.<\/p>\n\t\t\t\t\t\t\t\t<\/div>\n\t\t\t\t<\/div>\n\t\t\t\t\t<\/div>\n\t\t\t\t<\/div>\n\t\t\t\t<\/div>\n\t\t","protected":false},"excerpt":{"rendered":"<p>Pribatutasun Politika De acuerdo con lo establecido por el Reglamento (UE) 2016 \/679 del Parlamento Europeo y del Consejo, le informamos que los datos personales aportados ser\u00e1n tratados por ARALAR BERRI, S.L. con CIF: B75213520; y domicilio en CALLE PUERTO, [&hellip;]<\/p>\n","protected":false},"author":1,"featured_media":0,"parent":0,"menu_order":0,"comment_status":"closed","ping_status":"closed","template":"","meta":{"footnotes":""},"class_list":["post-6734","page","type-page","status-publish","hentry"],"_links":{"self":[{"href":"https:\/\/www.bararalar.eus\/eu\/wp-json\/wp\/v2\/pages\/6734","targetHints":{"allow":["GET"]}}],"collection":[{"href":"https:\/\/www.bararalar.eus\/eu\/wp-json\/wp\/v2\/pages"}],"about":[{"href":"https:\/\/www.bararalar.eus\/eu\/wp-json\/wp\/v2\/types\/page"}],"author":[{"embeddable":true,"href":"https:\/\/www.bararalar.eus\/eu\/wp-json\/wp\/v2\/users\/1"}],"replies":[{"embeddable":true,"href":"https:\/\/www.bararalar.eus\/eu\/wp-json\/wp\/v2\/comments?post=6734"}],"version-history":[{"count":1,"href":"https:\/\/www.bararalar.eus\/eu\/wp-json\/wp\/v2\/pages\/6734\/revisions"}],"predecessor-version":[{"id":6735,"href":"https:\/\/www.bararalar.eus\/eu\/wp-json\/wp\/v2\/pages\/6734\/revisions\/6735"}],"wp:attachment":[{"href":"https:\/\/www.bararalar.eus\/eu\/wp-json\/wp\/v2\/media?parent=6734"}],"curies":[{"name":"wp","href":"https:\/\/api.w.org\/{rel}","templated":true}]}}